{"id":29,"date":"2026-02-24T15:34:21","date_gmt":"2026-02-24T15:34:21","guid":{"rendered":"https:\/\/pension-kranzmayr.de\/ueber\/"},"modified":"2026-03-01T11:38:27","modified_gmt":"2026-03-01T11:38:27","slug":"ueber","status":"publish","type":"page","link":"https:\/\/pension-kranzmayr.de\/en\/ueber\/","title":{"rendered":"About"},"content":{"rendered":"<div class=\"wp-block-group alignfull is-style-ext-preset--group--natural-1--section has-background-background-color has-background has-global-padding is-layout-constrained wp-block-group-is-layout-constrained\" id=\"ueber-uns\" style=\"margin-top:0;margin-bottom:0;padding-top:var(--wp--preset--spacing--70);padding-bottom:var(--wp--preset--spacing--70)\">\n<div class=\"wp-block-columns alignwide are-vertically-aligned-center is-layout-flex wp-container-core-columns-is-layout-174606dc wp-block-columns-is-layout-flex\">\n<div class=\"wp-block-column is-vertically-aligned-center is-layout-flow wp-block-column-is-layout-flow\">\n<figure class=\"wp-block-image size-full is-style-ext-preset--image--natural-1--image-1--content-right is-style-ext-preset--image--natural-1--image-1--content-right--2\"><img loading=\"lazy\" decoding=\"async\" width=\"1024\" height=\"768\" src=\"https:\/\/pension-kranzmayr.de\/wp-content\/uploads\/2026\/02\/Foto-von-Robert-1.jpg\" alt=\"\" class=\"wp-image-164\" style=\"aspect-ratio:1;object-fit:cover\" srcset=\"https:\/\/pension-kranzmayr.de\/wp-content\/uploads\/2026\/02\/Foto-von-Robert-1.jpg 1024w, https:\/\/pension-kranzmayr.de\/wp-content\/uploads\/2026\/02\/Foto-von-Robert-1-300x225.jpg 300w, https:\/\/pension-kranzmayr.de\/wp-content\/uploads\/2026\/02\/Foto-von-Robert-1-768x576.jpg 768w, https:\/\/pension-kranzmayr.de\/wp-content\/uploads\/2026\/02\/Foto-von-Robert-1-16x12.jpg 16w\" sizes=\"auto, (max-width: 1024px) 100vw, 1024px\" \/><\/figure>\n<\/div>\n\n\n\n<div class=\"wp-block-column is-vertically-aligned-center is-layout-flow wp-block-column-is-layout-flow\">\n<div class=\"wp-block-group alignwide is-vertical is-layout-flex wp-container-core-group-is-layout-c35747d5 wp-block-group-is-layout-flex\">\n<div class=\"wp-block-group has-global-padding is-layout-constrained wp-container-core-group-is-layout-dd32767c wp-block-group-is-layout-constrained\">\n<h2 class=\"wp-block-heading\">Comfortable rooms for relaxing stays at the Kranzmayr guesthouse<\/h2>\n\n\n\n<p>The guesthouse is run with great attention to detail and passion by the <strong>Sengotta Hotel GmbH<\/strong>, with Simon Sengotta and family. Why not spend your next stay with us and experience the unique atmosphere of our individual and welcoming rooms for yourself?<\/p>\n<\/div>\n<\/div>\n<\/div>\n<\/div>\n<\/div>\n\n\n\n<div class=\"wp-block-group alignfull is-style-ext-preset--group--natural-1--section has-tertiary-background-color has-background has-global-padding is-layout-constrained wp-container-core-group-is-layout-e955bbaf wp-block-group-is-layout-constrained\" id=\"funktionen\" style=\"margin-top:0;margin-bottom:0;padding-top:var(--wp--preset--spacing--70);padding-bottom:var(--wp--preset--spacing--70)\">\n<div class=\"wp-block-group alignwide is-vertical is-content-justification-center is-layout-flex wp-container-core-group-is-layout-c9ee0c5a wp-block-group-is-layout-flex\">\n<div class=\"wp-block-group has-global-padding is-layout-constrained wp-container-core-group-is-layout-2287c683 wp-block-group-is-layout-constrained\">\n<h2 class=\"wp-block-heading has-text-align-center\">Erholung in St. Wolfgang bei <br>Day trips or excursions <\/h2>\n\n\n\n<p class=\"has-text-align-center\">Our guesthouse offers the ideal starting point for excursions to the Alpine foothills and other attractions.<\/p>\n<\/div>\n<\/div>\n\n\n\n<div class=\"wp-block-columns alignwide is-layout-flex wp-container-core-columns-is-layout-08c01c1c wp-block-columns-is-layout-flex\">\n<div class=\"wp-block-column is-layout-flow wp-block-column-is-layout-flow\">\n<div class=\"wp-block-group is-style-ext-preset--group--natural-1--item-card-1--align-center has-global-padding is-layout-constrained wp-block-group-is-layout-constrained is-style-ext-preset--group--natural-1--item-card-1--align-center--4\">\n<figure class=\"wp-block-image size-large\"><img loading=\"lazy\" decoding=\"async\" width=\"1024\" height=\"575\" src=\"https:\/\/pension-kranzmayr.de\/wp-content\/uploads\/2026\/03\/ebdf1c3d-ff50-4394-869f-046867832bf0-1024x575.avif\" alt=\"therme erding\" class=\"wp-image-240\" style=\"aspect-ratio:4\/3;object-fit:cover\" srcset=\"https:\/\/pension-kranzmayr.de\/wp-content\/uploads\/2026\/03\/ebdf1c3d-ff50-4394-869f-046867832bf0-1024x575.avif 1024w, https:\/\/pension-kranzmayr.de\/wp-content\/uploads\/2026\/03\/ebdf1c3d-ff50-4394-869f-046867832bf0-300x169.avif 300w, https:\/\/pension-kranzmayr.de\/wp-content\/uploads\/2026\/03\/ebdf1c3d-ff50-4394-869f-046867832bf0-768x432.avif 768w, https:\/\/pension-kranzmayr.de\/wp-content\/uploads\/2026\/03\/ebdf1c3d-ff50-4394-869f-046867832bf0-1536x863.avif 1536w, https:\/\/pension-kranzmayr.de\/wp-content\/uploads\/2026\/03\/ebdf1c3d-ff50-4394-869f-046867832bf0-18x10.avif 18w, https:\/\/pension-kranzmayr.de\/wp-content\/uploads\/2026\/03\/ebdf1c3d-ff50-4394-869f-046867832bf0.avif 1920w\" sizes=\"auto, (max-width: 1024px) 100vw, 1024px\" \/><\/figure>\n\n\n\n<div class=\"wp-block-group is-style-default has-global-padding is-layout-constrained wp-block-group-is-layout-constrained\">\n<h3 class=\"wp-block-heading has-text-align-center\">Erding Thermal Spa<\/h3>\n\n\n\n<p class=\"has-text-align-center\">Therme Erding is the largest thermal spa in the world. With 26 slides, a new wave pool, exotic thermal baths, VitalOase, VitalTherme, and saunas.<br><a href=\"http:\/\/www.therme-erding.de\/\" target=\"_blank\" rel=\"noreferrer noopener\">www.therme-erding.de<\/a><\/p>\n<\/div>\n<\/div>\n<\/div>\n\n\n\n<div class=\"wp-block-column is-layout-flow wp-block-column-is-layout-flow\">\n<div class=\"wp-block-group is-style-ext-preset--group--natural-1--item-card-1--align-center has-global-padding is-layout-constrained wp-block-group-is-layout-constrained is-style-ext-preset--group--natural-1--item-card-1--align-center--5\">\n<figure class=\"wp-block-image size-large\"><img loading=\"lazy\" decoding=\"async\" width=\"1024\" height=\"683\" src=\"https:\/\/pension-kranzmayr.de\/wp-content\/uploads\/2026\/03\/stux-wasserburg-450268_1920-1024x683.jpg\" alt=\"\" class=\"wp-image-242\" style=\"aspect-ratio:4\/3;object-fit:cover\" srcset=\"https:\/\/pension-kranzmayr.de\/wp-content\/uploads\/2026\/03\/stux-wasserburg-450268_1920-1024x683.jpg 1024w, https:\/\/pension-kranzmayr.de\/wp-content\/uploads\/2026\/03\/stux-wasserburg-450268_1920-300x200.jpg 300w, https:\/\/pension-kranzmayr.de\/wp-content\/uploads\/2026\/03\/stux-wasserburg-450268_1920-768x512.jpg 768w, https:\/\/pension-kranzmayr.de\/wp-content\/uploads\/2026\/03\/stux-wasserburg-450268_1920-1536x1024.jpg 1536w, https:\/\/pension-kranzmayr.de\/wp-content\/uploads\/2026\/03\/stux-wasserburg-450268_1920-18x12.jpg 18w, https:\/\/pension-kranzmayr.de\/wp-content\/uploads\/2026\/03\/stux-wasserburg-450268_1920.jpg 1920w\" sizes=\"auto, (max-width: 1024px) 100vw, 1024px\" \/><\/figure>\n\n\n\n<div class=\"wp-block-group is-style-default has-global-padding is-layout-constrained wp-block-group-is-layout-constrained\">\n<h3 class=\"wp-block-heading has-text-align-center\">City of Wasserburg<\/h3>\n\n\n\n<p class=\"has-text-align-center\">Even your first encounter with this town is impressive. Due to its island location and the topographical boundaries formed by the Inn River and steep slopes, Wasserburg seems far removed from everything familiar. As you approach, you are greeted by a view straight out of a fairy tale. A town with pastel-colored walls, bay windows, and battlements, with a gate passageway and an imposing castle.<br><a href=\"http:\/\/www.wasserburg.de\/\" target=\"_blank\" rel=\"noreferrer noopener\">www.wasserburg.de<\/a><\/p>\n<\/div>\n<\/div>\n<\/div>\n\n\n\n<div class=\"wp-block-column is-layout-flow wp-block-column-is-layout-flow\">\n<div class=\"wp-block-group is-style-ext-preset--group--natural-1--item-card-1--align-center has-global-padding is-layout-constrained wp-block-group-is-layout-constrained is-style-ext-preset--group--natural-1--item-card-1--align-center--6\">\n<figure class=\"wp-block-image size-large\"><img loading=\"lazy\" decoding=\"async\" width=\"1024\" height=\"683\" src=\"https:\/\/pension-kranzmayr.de\/wp-content\/uploads\/2026\/03\/antranias-boats-7222108_1920-1024x683.jpg\" alt=\"chiemsee\" class=\"wp-image-244\" style=\"aspect-ratio:4\/3;object-fit:cover\" srcset=\"https:\/\/pension-kranzmayr.de\/wp-content\/uploads\/2026\/03\/antranias-boats-7222108_1920-1024x683.jpg 1024w, https:\/\/pension-kranzmayr.de\/wp-content\/uploads\/2026\/03\/antranias-boats-7222108_1920-300x200.jpg 300w, https:\/\/pension-kranzmayr.de\/wp-content\/uploads\/2026\/03\/antranias-boats-7222108_1920-768x512.jpg 768w, https:\/\/pension-kranzmayr.de\/wp-content\/uploads\/2026\/03\/antranias-boats-7222108_1920-1536x1024.jpg 1536w, https:\/\/pension-kranzmayr.de\/wp-content\/uploads\/2026\/03\/antranias-boats-7222108_1920-18x12.jpg 18w, https:\/\/pension-kranzmayr.de\/wp-content\/uploads\/2026\/03\/antranias-boats-7222108_1920.jpg 1920w\" sizes=\"auto, (max-width: 1024px) 100vw, 1024px\" \/><\/figure>\n\n\n\n<div class=\"wp-block-group is-style-default has-global-padding is-layout-constrained wp-block-group-is-layout-constrained\">\n<h3 class=\"wp-block-heading has-text-align-center\">Lake Chiemsee<\/h3>\n\n\n\n<p class=\"has-text-align-center\">Lake Chiemsee, also known as the \u201cBavarian Sea,\u201d is the largest lake in Bavaria with an area of 79.9 km\u00b2 and the third largest lake in Germany after Lake Constance and Lake M\u00fcritz.<br><a href=\"http:\/\/www.chiemsee-alpenland.de\/\" target=\"_blank\" rel=\"noreferrer noopener\">www.chiemsee-alpenland.de<\/a><\/p>\n<\/div>\n<\/div>\n<\/div>\n<\/div>\n<\/div>","protected":false},"excerpt":{"rendered":"<p>Gem\u00fctliche Zimmer f\u00fcr entspannte Aufenthalte in der Pension Kranzmayr Gef\u00fchrt wird die Pension mit viel Liebe zum Detail und Herzblut durch die Sengotta Hotel GmbH, mit Simon Sengotta und Familie. Verbringen Sie Ihren n\u00e4chsten Aufenthalt doch bei uns und \u00fcberzeugen Sie sich von der einzigartigen Atmosph\u00e4re der individuellen und warmherzigen Zimmer. Erholung in St. Wolfgang [&hellip;]<\/p>\n","protected":false},"author":1,"featured_media":0,"parent":0,"menu_order":0,"comment_status":"closed","ping_status":"closed","template":"page-with-title","meta":{"footnotes":""},"class_list":["post-29","page","type-page","status-publish","hentry"],"aioseo_notices":[],"_links":{"self":[{"href":"https:\/\/pension-kranzmayr.de\/en\/wp-json\/wp\/v2\/pages\/29","targetHints":{"allow":["GET"]}}],"collection":[{"href":"https:\/\/pension-kranzmayr.de\/en\/wp-json\/wp\/v2\/pages"}],"about":[{"href":"https:\/\/pension-kranzmayr.de\/en\/wp-json\/wp\/v2\/types\/page"}],"author":[{"embeddable":true,"href":"https:\/\/pension-kranzmayr.de\/en\/wp-json\/wp\/v2\/users\/1"}],"replies":[{"embeddable":true,"href":"https:\/\/pension-kranzmayr.de\/en\/wp-json\/wp\/v2\/comments?post=29"}],"version-history":[{"count":13,"href":"https:\/\/pension-kranzmayr.de\/en\/wp-json\/wp\/v2\/pages\/29\/revisions"}],"predecessor-version":[{"id":245,"href":"https:\/\/pension-kranzmayr.de\/en\/wp-json\/wp\/v2\/pages\/29\/revisions\/245"}],"wp:attachment":[{"href":"https:\/\/pension-kranzmayr.de\/en\/wp-json\/wp\/v2\/media?parent=29"}],"curies":[{"name":"wp","href":"https:\/\/api.w.org\/{rel}","templated":true}]}}