{"id":32,"date":"2026-02-24T15:34:22","date_gmt":"2026-02-24T15:34:22","guid":{"rendered":"https:\/\/pension-kranzmayr.de\/faq\/"},"modified":"2026-02-26T14:01:00","modified_gmt":"2026-02-26T14:01:00","slug":"faq","status":"publish","type":"page","link":"https:\/\/pension-kranzmayr.de\/en\/faq\/","title":{"rendered":"FAQ"},"content":{"rendered":"<div class=\"wp-block-group alignfull is-style-ext-preset--group--natural-1--section has-background-background-color has-background has-global-padding is-layout-constrained wp-container-core-group-is-layout-e955bbaf wp-block-group-is-layout-constrained\" id=\"h\u00e4ufig-gestellte-fragen\" style=\"margin-top:0;margin-bottom:0;padding-top:var(--wp--preset--spacing--70);padding-bottom:var(--wp--preset--spacing--70)\">\n<div class=\"wp-block-group alignwide is-vertical is-layout-flex wp-container-core-group-is-layout-c35747d5 wp-block-group-is-layout-flex\">\n<div class=\"wp-block-group has-global-padding is-layout-constrained wp-container-core-group-is-layout-2287c683 wp-block-group-is-layout-constrained\">\n<h2 class=\"wp-block-heading\">Book your stay conveniently online<\/h2>\n\n\n\n<p>Here you will find answers to frequently asked questions about your stay at Pension Kranzmayr.<\/p>\n<\/div>\n<\/div>\n\n\n\n<div class=\"wp-block-columns alignwide is-layout-flex wp-container-core-columns-is-layout-08c01c1c wp-block-columns-is-layout-flex\">\n<div class=\"wp-block-column is-layout-flow wp-container-core-column-is-layout-119bc444 wp-block-column-is-layout-flow\">\n<div class=\"wp-block-group is-style-ext-preset--group--natural-1--item-card-1--align-start has-global-padding is-layout-constrained wp-block-group-is-layout-constrained is-style-ext-preset--group--natural-1--item-card-1--align-start--2\">\n<div class=\"wp-block-group is-style-default has-global-padding is-layout-constrained wp-block-group-is-layout-constrained\">\n<h3 class=\"wp-block-heading\">How can I book a room at Pension Kranzmayr?<\/h3>\n\n\n\n<p>You can make your booking directly via our website or contact us by phone.<\/p>\n<\/div>\n<\/div>\n<\/div>\n\n\n\n<div class=\"wp-block-column is-layout-flow wp-container-core-column-is-layout-119bc444 wp-block-column-is-layout-flow\">\n<div class=\"wp-block-group is-style-ext-preset--group--natural-1--item-card-1--align-start has-global-padding is-layout-constrained wp-block-group-is-layout-constrained is-style-ext-preset--group--natural-1--item-card-1--align-start--3\">\n<div class=\"wp-block-group is-style-default has-global-padding is-layout-constrained wp-block-group-is-layout-constrained\">\n<h3 class=\"wp-block-heading\">What amenities are available in the rooms?<\/h3>\n\n\n\n<p>Our rooms are comfortably furnished and feature free Wi-Fi and a TV.<\/p>\n<\/div>\n<\/div>\n<\/div>\n<\/div>\n\n\n\n<div class=\"wp-block-columns alignwide is-layout-flex wp-container-core-columns-is-layout-967d05ff wp-block-columns-is-layout-flex\" style=\"margin-top:var(--wp--preset--spacing--40)\">\n<div class=\"wp-block-column is-layout-flow wp-container-core-column-is-layout-119bc444 wp-block-column-is-layout-flow\">\n<div class=\"wp-block-group is-style-ext-preset--group--natural-1--item-card-1--align-start has-global-padding is-layout-constrained wp-block-group-is-layout-constrained is-style-ext-preset--group--natural-1--item-card-1--align-start--4\">\n<div class=\"wp-block-group is-style-default has-global-padding is-layout-constrained wp-block-group-is-layout-constrained\">\n<h3 class=\"wp-block-heading\">Is there parking available for guests?<\/h3>\n\n\n\n<p>Yes, we offer free parking directly at the guesthouse for our guests.<\/p>\n<\/div>\n<\/div>\n<\/div>\n\n\n\n<div class=\"wp-block-column is-layout-flow wp-container-core-column-is-layout-119bc444 wp-block-column-is-layout-flow\">\n<div class=\"wp-block-group is-style-ext-preset--group--natural-1--item-card-1--align-start has-global-padding is-layout-constrained wp-block-group-is-layout-constrained is-style-ext-preset--group--natural-1--item-card-1--align-start--5\">\n<div class=\"wp-block-group is-style-default has-global-padding is-layout-constrained wp-block-group-is-layout-constrained\">\n<h3 class=\"wp-block-heading\">Can I book a room at short notice?<\/h3>\n\n\n\n<p>Depending on availability, last-minute bookings are also possible. Please contact us for more information.<\/p>\n<\/div>\n<\/div>\n<\/div>\n<\/div>\n\n\n\n<div class=\"wp-block-columns alignwide is-layout-flex wp-container-core-columns-is-layout-967d05ff wp-block-columns-is-layout-flex\" style=\"margin-top:var(--wp--preset--spacing--40)\">\n<div class=\"wp-block-column is-layout-flow wp-container-core-column-is-layout-119bc444 wp-block-column-is-layout-flow\">\n<div class=\"wp-block-group is-style-ext-preset--group--natural-1--item-card-1--align-start has-global-padding is-layout-constrained wp-block-group-is-layout-constrained is-style-ext-preset--group--natural-1--item-card-1--align-start--6\">\n<div class=\"wp-block-group is-style-default has-global-padding is-layout-constrained wp-block-group-is-layout-constrained\">\n<h3 class=\"wp-block-heading\">Does the Kranzmayr guesthouse offer breakfast?<\/h3>\n\n\n\n<p>Yes, a generous breakfast is optionally at hotel st. georg possible and is served daily.<\/p>\n<\/div>\n<\/div>\n<\/div>\n\n\n\n<div class=\"wp-block-column is-layout-flow wp-container-core-column-is-layout-119bc444 wp-block-column-is-layout-flow\">\n<div class=\"wp-block-group is-style-ext-preset--group--natural-1--item-card-1--align-start has-global-padding is-layout-constrained wp-block-group-is-layout-constrained is-style-ext-preset--group--natural-1--item-card-1--align-start--7\">\n<div class=\"wp-block-group is-style-default has-global-padding is-layout-constrained wp-block-group-is-layout-constrained\">\n<h3 class=\"wp-block-heading\">Are pets allowed at the guesthouse?<\/h3>\n\n\n\n<p>Pets are welcome by prior arrangement.<\/p>\n<\/div>\n<\/div>\n<\/div>\n<\/div>\n<\/div>\n\n\n\n<div class=\"wp-block-group alignfull is-style-ext-preset--group--natural-1--section has-tertiary-background-color has-background has-global-padding is-layout-constrained wp-container-core-group-is-layout-e955bbaf wp-block-group-is-layout-constrained\" id=\"veranstaltungen\" style=\"margin-top:0;margin-bottom:0;padding-top:var(--wp--preset--spacing--70);padding-bottom:var(--wp--preset--spacing--70)\">\n<div class=\"wp-block-group alignwide is-vertical is-content-justification-left is-layout-flex wp-container-core-group-is-layout-214d3d4d wp-block-group-is-layout-flex\">\n<div class=\"wp-block-group has-global-padding is-layout-constrained wp-container-core-group-is-layout-2287c683 wp-block-group-is-layout-constrained\">\n<h2 class=\"wp-block-heading\">Information from A to Z<\/h2>\n\n\n\n<p>Here you will find the most important answers to the most frequently asked questions. If something <br>not present, please feel free to ask at reception about your request.<\/p>\n<\/div>\n<\/div>\n\n\n\n<div class=\"wp-block-columns alignwide is-layout-flex wp-container-core-columns-is-layout-08c01c1c wp-block-columns-is-layout-flex\">\n<div class=\"wp-block-column is-layout-flow wp-block-column-is-layout-flow\">\n<p><strong>Excursions in the region<br><\/strong>We are happy to provide you with information about excursions in the region. You can find out about many interesting destinations from Tourismusregion Erding e.V.<\/p>\n\n\n\n<p><strong>doctors<\/strong><br>If you require a doctor during your stay with us, we will be happy to assist you.<\/p>\n\n\n\n<p><strong>bedding<br><\/strong>If you wish, your bed linen can be changed daily. Please contact us.<\/p>\n\n\n\n<p><strong>Check-in times<br><\/strong>Your room will be available from 2:00 p.m. You can generally check in between 2:00 p.m. and 6:00 p.m. Late check-in is possible on request.<\/p>\n\n\n\n<p><strong>Check-out times<br><\/strong>On the day of departure, you may use your room until 11:00 a.m.<\/p>\n\n\n\n<p><strong>television<br><\/strong>All our rooms are equipped with flat-screen TVs.<\/p>\n\n\n\n<p><strong>airport<br><\/strong>Munich Airport is 40 km away.<\/p>\n\n\n\n<p><strong>Breakfast times<br><\/strong>We serve breakfast in our bistro from 8:00 a.m. to 10:30 a.m. If you have any special requests, please let us know.<\/p>\n\n\n\n<p><strong>luggage<br><\/strong>We are happy to help you with your luggage.<\/p>\n<\/div>\n\n\n\n<div class=\"wp-block-column is-layout-flow wp-block-column-is-layout-flow\">\n<p><strong>Children<\/strong><br>Children up to six years of age stay in their parents' room free of charge.<\/p>\n\n\n\n<p><strong>credit card payments<br><\/strong>You are welcome to pay with all major credit cards.<\/p>\n\n\n\n<p><strong>Munich Trade Fair<br><\/strong>The Munich Trade Fair Center can be reached in 35 minutes (40 km).<\/p>\n\n\n\n<p><strong>car park<\/strong><br>You can park for free directly in front of our guesthouse. Free parking spaces cannot be guaranteed.<\/p>\n\n\n\n<p><strong>postal service<\/strong><br>The nearest post office is located at the Agip gas station in town.<\/p>\n\n\n\n<p><strong>Smoking<\/strong><br>Smoking is not permitted in any area of our guesthouse.<\/p>\n\n\n\n<p><strong>taxi service<\/strong><br>If you need a taxi, we will be happy to order one for you.<\/p>\n\n\n\n<p><strong>Pets<\/strong><br>Pets are not allowed on our premises.<\/p>\n\n\n\n<p><strong>Wi-fi<br><\/strong>Free Wi-Fi is available throughout our guesthouse. Please ask us for the login details.<\/p>\n<\/div>\n<\/div>\n<\/div>","protected":false},"excerpt":{"rendered":"<p>Buchen Sie Ihren Aufenthalt ganz bequem online Hier finden Sie Antworten auf h\u00e4ufig gestellte Fragen zu Ihrem Aufenthalt bei Pension Kranzmayr Wie kann ich ein Zimmer bei der Pension Kranzmayr buchen? Sie k\u00f6nnen Ihre Buchung direkt \u00fcber unsere Webseite vornehmen oder uns telefonisch kontaktieren. Welche Annehmlichkeiten sind in den Zimmern verf\u00fcgbar? Unsere Zimmer sind komfortabel [&hellip;]<\/p>\n","protected":false},"author":1,"featured_media":0,"parent":0,"menu_order":0,"comment_status":"closed","ping_status":"closed","template":"page-with-title","meta":{"footnotes":""},"class_list":["post-32","page","type-page","status-publish","hentry"],"aioseo_notices":[],"_links":{"self":[{"href":"https:\/\/pension-kranzmayr.de\/en\/wp-json\/wp\/v2\/pages\/32","targetHints":{"allow":["GET"]}}],"collection":[{"href":"https:\/\/pension-kranzmayr.de\/en\/wp-json\/wp\/v2\/pages"}],"about":[{"href":"https:\/\/pension-kranzmayr.de\/en\/wp-json\/wp\/v2\/types\/page"}],"author":[{"embeddable":true,"href":"https:\/\/pension-kranzmayr.de\/en\/wp-json\/wp\/v2\/users\/1"}],"replies":[{"embeddable":true,"href":"https:\/\/pension-kranzmayr.de\/en\/wp-json\/wp\/v2\/comments?post=32"}],"version-history":[{"count":7,"href":"https:\/\/pension-kranzmayr.de\/en\/wp-json\/wp\/v2\/pages\/32\/revisions"}],"predecessor-version":[{"id":162,"href":"https:\/\/pension-kranzmayr.de\/en\/wp-json\/wp\/v2\/pages\/32\/revisions\/162"}],"wp:attachment":[{"href":"https:\/\/pension-kranzmayr.de\/en\/wp-json\/wp\/v2\/media?parent=32"}],"curies":[{"name":"wp","href":"https:\/\/api.w.org\/{rel}","templated":true}]}}