{"id":33,"date":"2026-02-24T15:34:22","date_gmt":"2026-02-24T15:34:22","guid":{"rendered":"https:\/\/pension-kranzmayr.de\/dienstleistungen\/"},"modified":"2026-03-01T11:18:44","modified_gmt":"2026-03-01T11:18:44","slug":"pension","status":"publish","type":"page","link":"https:\/\/pension-kranzmayr.de\/en\/pension\/","title":{"rendered":"Guesthouse"},"content":{"rendered":"<div class=\"wp-block-group alignfull is-style-ext-preset--group--natural-1--section has-background-background-color has-background has-global-padding is-layout-constrained wp-container-core-group-is-layout-e955bbaf wp-block-group-is-layout-constrained\" id=\"dienstleistungen\" style=\"margin-top:0;margin-bottom:0;padding-top:var(--wp--preset--spacing--70);padding-bottom:var(--wp--preset--spacing--70)\">\n<div class=\"wp-block-group alignwide is-vertical is-layout-flex wp-container-core-group-is-layout-c35747d5 wp-block-group-is-layout-flex\">\n<div class=\"wp-block-group has-global-padding is-layout-constrained wp-container-core-group-is-layout-5e05634a wp-block-group-is-layout-constrained\">\n<h2 class=\"wp-block-heading\">Book your room conveniently online<\/h2>\n\n\n\n<p class=\"has-text-align-left\">The Kranzmayr guesthouse is located in a historic building dating back to 1857. Following extensive renovation work, we reopened in May 2017.<\/p>\n<\/div>\n<\/div>\n\n\n\n<div class=\"wp-block-columns alignwide is-layout-flex wp-container-core-columns-is-layout-08c01c1c wp-block-columns-is-layout-flex\">\n<div class=\"wp-block-column is-vertically-aligned-stretch is-layout-flow wp-container-core-column-is-layout-f5bb311e wp-block-column-is-layout-flow\">\n<div class=\"wp-block-group is-style-ext-preset--group--natural-1--item-card-1--align-start has-global-padding is-layout-constrained wp-block-group-is-layout-constrained is-style-ext-preset--group--natural-1--item-card-1--align-start--2\">\n<div class=\"wp-block-group is-style-default has-global-padding is-layout-constrained wp-block-group-is-layout-constrained\">\n<div class=\"wp-block-group is-nowrap is-layout-flex wp-container-core-group-is-layout-64fa2afa wp-block-group-is-layout-flex\" style=\"padding-top:0;padding-right:0;padding-bottom:0;padding-left:0\">\n<figure class=\"wp-block-image size-large ext-aspect-landscape wp-duotone-primary-foreground\"><img decoding=\"async\" src=\"data:image\/svg+xml;base64,PHN2ZyB4bWxucz0iaHR0cDovL3d3dy53My5vcmcvMjAwMC9zdmciIHdpZHRoPSI0OCIgaGVpZ2h0PSI0OCIgZmlsbD0iIzAwMDAwMCIgdmlld0JveD0iMCAwIDI1NiAyNTYiPjxwYXRoIGQ9Ik0xNzIsNzZhNDQsNDQsMCwxLDAtNDQsNDRBNDQuMDUsNDQuMDUsMCwwLDAsMTcyLDc2Wm0tNDQsMjhhMjgsMjgsMCwxLDEsMjgtMjhBMjgsMjgsMCwwLDEsMTI4LDEwNFptNjAsMjRhNDQsNDQsMCwxLDAsNDQsNDRBNDQuMDUsNDQuMDUsMCwwLDAsMTg4LDEyOFptMCw3MmEyOCwyOCwwLDEsMSwyOC0yOEEyOCwyOCwwLDAsMSwxODgsMjAwWk02OCwxMjhhNDQsNDQsMCwxLDAsNDQsNDRBNDQuMDUsNDQuMDUsMCwwLDAsNjgsMTI4Wm0wLDcyYTI4LDI4LDAsMSwxLDI4LTI4QTI4LDI4LDAsMCwxLDY4LDIwMFoiPjwvcGF0aD48L3N2Zz4=\" alt=\"\" style=\"object-fit:cover\"\/><\/figure>\n\n\n\n<div class=\"wp-block-group wp-container-content-958eb9dc has-global-padding is-layout-constrained wp-container-core-group-is-layout-c06d165c wp-block-group-is-layout-constrained\" style=\"padding-top:0;padding-right:0;padding-bottom:0;padding-left:0\">\n<h3 class=\"wp-block-heading\">Comfortable single rooms<\/h3>\n\n\n\n<p>Our single rooms are ideal for solo travelers who value comfort.<\/p>\n<\/div>\n<\/div>\n<\/div>\n<\/div>\n<\/div>\n\n\n\n<div class=\"wp-block-column is-vertically-aligned-stretch is-layout-flow wp-container-core-column-is-layout-f5bb311e wp-block-column-is-layout-flow\">\n<div class=\"wp-block-group is-style-ext-preset--group--natural-1--item-card-1--align-start has-global-padding is-layout-constrained wp-block-group-is-layout-constrained is-style-ext-preset--group--natural-1--item-card-1--align-start--3\">\n<div class=\"wp-block-group is-style-default has-global-padding is-layout-constrained wp-block-group-is-layout-constrained\">\n<div class=\"wp-block-group is-nowrap is-layout-flex wp-container-core-group-is-layout-64fa2afa wp-block-group-is-layout-flex\" style=\"padding-top:0;padding-right:0;padding-bottom:0;padding-left:0\">\n<figure class=\"wp-block-image size-large ext-aspect-landscape wp-duotone-primary-foreground\"><img decoding=\"async\" src=\"data:image\/svg+xml;base64,PHN2ZyB4bWxucz0iaHR0cDovL3d3dy53My5vcmcvMjAwMC9zdmciIHdpZHRoPSI0OCIgaGVpZ2h0PSI0OCIgZmlsbD0iIzAwMDAwMCIgdmlld0JveD0iMCAwIDI1NiAyNTYiPjxwYXRoIGQ9Ik04MCw0MGE0MCw0MCwwLDEsMCw0MCw0MEE0MCw0MCwwLDAsMCw4MCw0MFptMCw2NGEyNCwyNCwwLDEsMSwyNC0yNEEyNCwyNCwwLDAsMSw4MCwxMDRabTk2LDE2YTQwLDQwLDAsMSwwLTQwLTQwQTQwLDQwLDAsMCwwLDE3NiwxMjBabTAtNjRhMjQsMjQsMCwxLDEtMjQsMjRBMjQsMjQsMCwwLDEsMTc2LDU2Wk04MCwxMzZhNDAsNDAsMCwxLDAsNDAsNDBBNDAsNDAsMCwwLDAsODAsMTM2Wm0wLDY0YTI0LDI0LDAsMSwxLDI0LTI0QTI0LDI0LDAsMCwxLDgwLDIwMFptOTYtNjRhNDAsNDAsMCwxLDAsNDAsNDBBNDAsNDAsMCwwLDAsMTc2LDEzNlptMCw2NGEyNCwyNCwwLDEsMSwyNC0yNEEyNCwyNCwwLDAsMSwxNzYsMjAwWiI+PC9wYXRoPjwvc3ZnPg==\" alt=\"\" style=\"object-fit:cover\"\/><\/figure>\n\n\n\n<div class=\"wp-block-group wp-container-content-958eb9dc has-global-padding is-layout-constrained wp-container-core-group-is-layout-c06d165c wp-block-group-is-layout-constrained\" style=\"padding-top:0;padding-right:0;padding-bottom:0;padding-left:0\">\n<h3 class=\"wp-block-heading\">Bright double rooms<\/h3>\n\n\n\n<p>Our spacious double rooms guarantee a relaxed atmosphere and the utmost comfort.<\/p>\n<\/div>\n<\/div>\n<\/div>\n<\/div>\n<\/div>\n\n\n\n<div class=\"wp-block-column is-vertically-aligned-stretch is-layout-flow wp-container-core-column-is-layout-f5bb311e wp-block-column-is-layout-flow\">\n<div class=\"wp-block-group is-style-ext-preset--group--natural-1--item-card-1--align-start has-global-padding is-layout-constrained wp-block-group-is-layout-constrained is-style-ext-preset--group--natural-1--item-card-1--align-start--4\">\n<div class=\"wp-block-group is-style-default has-global-padding is-layout-constrained wp-block-group-is-layout-constrained\">\n<div class=\"wp-block-group is-nowrap is-layout-flex wp-container-core-group-is-layout-64fa2afa wp-block-group-is-layout-flex\" style=\"padding-top:0;padding-right:0;padding-bottom:0;padding-left:0\">\n<figure class=\"wp-block-image size-large ext-aspect-landscape wp-duotone-primary-foreground\"><img decoding=\"async\" src=\"data:image\/svg+xml;base64,PHN2ZyB4bWxucz0iaHR0cDovL3d3dy53My5vcmcvMjAwMC9zdmciIHdpZHRoPSI0OCIgaGVpZ2h0PSI0OCIgZmlsbD0iIzAwMDAwMCIgdmlld0JveD0iMCAwIDI1NiAyNTYiPjxwYXRoIGQ9Ik04MCw0MGE0MCw0MCwwLDEsMCw0MCw0MEE0MCw0MCwwLDAsMCw4MCw0MFptMCw2NGEyNCwyNCwwLDEsMSwyNC0yNEEyNCwyNCwwLDAsMSw4MCwxMDRabTk2LDE2YTQwLDQwLDAsMSwwLTQwLTQwQTQwLDQwLDAsMCwwLDE3NiwxMjBabTAtNjRhMjQsMjQsMCwxLDEtMjQsMjRBMjQsMjQsMCwwLDEsMTc2LDU2Wk04MCwxMzZhNDAsNDAsMCwxLDAsNDAsNDBBNDAsNDAsMCwwLDAsODAsMTM2Wm0wLDY0YTI0LDI0LDAsMSwxLDI0LTI0QTI0LDI0LDAsMCwxLDgwLDIwMFptMTM2LTI0YTgsOCwwLDAsMS04LDhIMTg0djI0YTgsOCwwLDAsMS0xNiwwVjE4NEgxNDRhOCw4LDAsMCwxLDAtMTZoMjRWMTQ0YTgsOCwwLDAsMSwxNiwwdjI0aDI0QTgsOCwwLDAsMSwyMTYsMTc2WiI+PC9wYXRoPjwvc3ZnPg==\" alt=\"\" style=\"object-fit:cover\"\/><\/figure>\n\n\n\n<div class=\"wp-block-group wp-container-content-958eb9dc has-global-padding is-layout-constrained wp-container-core-group-is-layout-c06d165c wp-block-group-is-layout-constrained\" style=\"padding-top:0;padding-right:0;padding-bottom:0;padding-left:0\">\n<h3 class=\"wp-block-heading\">Cozy apartments<\/h3>\n\n\n\n<p>Our apartments offer ample space and amenities for a successful family vacation.<\/p>\n<\/div>\n<\/div>\n<\/div>\n<\/div>\n<\/div>\n<\/div>\n<\/div>\n\n\n\n<div class=\"wp-block-group alignfull is-style-ext-preset--group--natural-1--section has-tertiary-background-color has-background has-global-padding is-layout-constrained wp-container-core-group-is-layout-f72f1611 wp-block-group-is-layout-constrained\" id=\"galerie\" style=\"margin-top:0;margin-bottom:0;padding-top:var(--wp--preset--spacing--70);padding-bottom:var(--wp--preset--spacing--70)\">\n<div class=\"wp-block-group alignwide is-vertical is-layout-flex wp-container-core-group-is-layout-c35747d5 wp-block-group-is-layout-flex\">\n<div class=\"wp-block-group has-global-padding is-layout-constrained wp-container-core-group-is-layout-5e05634a wp-block-group-is-layout-constrained\">\n<h2 class=\"wp-block-heading\">Cozy rooms at the Kranzmayr guesthouse<\/h2>\n\n\n\n<p class=\"has-text-align-left\">All rooms have been built to a high standard and offer free Wi-Fi, shower\/WC, flat-screen TV, and underfloor heating.&nbsp;<\/p>\n<\/div>\n<\/div>\n\n\n\n<div class=\"wp-block-columns alignwide is-layout-flex wp-container-core-columns-is-layout-87beb0d0 wp-block-columns-is-layout-flex\">\n<div class=\"wp-block-column is-vertically-aligned-top is-layout-flow wp-container-core-column-is-layout-f5bb311e wp-block-column-is-layout-flow\">\n<figure class=\"wp-block-image size-large is-style-ext-preset--image--natural-1--image-1--content-bottom is-style-ext-preset--image--natural-1--image-1--content-bottom--6\"><img loading=\"lazy\" decoding=\"async\" width=\"1024\" height=\"608\" src=\"https:\/\/pension-kranzmayr.de\/wp-content\/uploads\/2026\/02\/dz_02-1024x608.jpg\" alt=\"\" class=\"wp-image-89\" style=\"aspect-ratio:1;object-fit:cover\" srcset=\"https:\/\/pension-kranzmayr.de\/wp-content\/uploads\/2026\/02\/dz_02-1024x608.jpg 1024w, https:\/\/pension-kranzmayr.de\/wp-content\/uploads\/2026\/02\/dz_02-300x178.jpg 300w, https:\/\/pension-kranzmayr.de\/wp-content\/uploads\/2026\/02\/dz_02-768x456.jpg 768w, https:\/\/pension-kranzmayr.de\/wp-content\/uploads\/2026\/02\/dz_02-18x12.jpg 18w, https:\/\/pension-kranzmayr.de\/wp-content\/uploads\/2026\/02\/dz_02.jpg 1264w\" sizes=\"auto, (max-width: 1024px) 100vw, 1024px\" \/><\/figure>\n\n\n\n<figure class=\"wp-block-image size-large is-style-ext-preset--image--natural-1--image-1--content-right is-style-ext-preset--image--natural-1--image-1--content-right--7\"><img loading=\"lazy\" decoding=\"async\" width=\"1024\" height=\"608\" src=\"https:\/\/pension-kranzmayr.de\/wp-content\/uploads\/2026\/02\/app_02-1024x608.jpg\" alt=\"\" class=\"wp-image-87\" style=\"aspect-ratio:4\/3;object-fit:cover\" srcset=\"https:\/\/pension-kranzmayr.de\/wp-content\/uploads\/2026\/02\/app_02-1024x608.jpg 1024w, https:\/\/pension-kranzmayr.de\/wp-content\/uploads\/2026\/02\/app_02-300x178.jpg 300w, https:\/\/pension-kranzmayr.de\/wp-content\/uploads\/2026\/02\/app_02-768x456.jpg 768w, https:\/\/pension-kranzmayr.de\/wp-content\/uploads\/2026\/02\/app_02-18x12.jpg 18w, https:\/\/pension-kranzmayr.de\/wp-content\/uploads\/2026\/02\/app_02.jpg 1264w\" sizes=\"auto, (max-width: 1024px) 100vw, 1024px\" \/><\/figure>\n<\/div>\n\n\n\n<div class=\"wp-block-column is-vertically-aligned-top is-layout-flow wp-container-core-column-is-layout-f5bb311e wp-block-column-is-layout-flow\">\n<figure class=\"wp-block-image size-large is-style-ext-preset--image--natural-1--image-1--content-left is-style-ext-preset--image--natural-1--image-1--content-left--8\"><img loading=\"lazy\" decoding=\"async\" width=\"1024\" height=\"608\" src=\"https:\/\/pension-kranzmayr.de\/wp-content\/uploads\/2026\/02\/dz_04-1024x608.jpg\" alt=\"\" class=\"wp-image-93\" style=\"aspect-ratio:4\/3;object-fit:cover\" srcset=\"https:\/\/pension-kranzmayr.de\/wp-content\/uploads\/2026\/02\/dz_04-1024x608.jpg 1024w, https:\/\/pension-kranzmayr.de\/wp-content\/uploads\/2026\/02\/dz_04-300x178.jpg 300w, https:\/\/pension-kranzmayr.de\/wp-content\/uploads\/2026\/02\/dz_04-768x456.jpg 768w, https:\/\/pension-kranzmayr.de\/wp-content\/uploads\/2026\/02\/dz_04-18x12.jpg 18w, https:\/\/pension-kranzmayr.de\/wp-content\/uploads\/2026\/02\/dz_04.jpg 1264w\" sizes=\"auto, (max-width: 1024px) 100vw, 1024px\" \/><\/figure>\n\n\n\n<figure class=\"wp-block-image size-large is-style-ext-preset--image--natural-1--image-1--content-left is-style-ext-preset--image--natural-1--image-1--content-left--9\"><img loading=\"lazy\" decoding=\"async\" width=\"1024\" height=\"608\" src=\"https:\/\/pension-kranzmayr.de\/wp-content\/uploads\/2026\/02\/ez_02-1024x608.jpg\" alt=\"\" class=\"wp-image-95\" style=\"aspect-ratio:1;object-fit:cover\" srcset=\"https:\/\/pension-kranzmayr.de\/wp-content\/uploads\/2026\/02\/ez_02-1024x608.jpg 1024w, https:\/\/pension-kranzmayr.de\/wp-content\/uploads\/2026\/02\/ez_02-300x178.jpg 300w, https:\/\/pension-kranzmayr.de\/wp-content\/uploads\/2026\/02\/ez_02-768x456.jpg 768w, https:\/\/pension-kranzmayr.de\/wp-content\/uploads\/2026\/02\/ez_02-18x12.jpg 18w, https:\/\/pension-kranzmayr.de\/wp-content\/uploads\/2026\/02\/ez_02.jpg 1264w\" sizes=\"auto, (max-width: 1024px) 100vw, 1024px\" \/><\/figure>\n<\/div>\n<\/div>\n<\/div>\n\n\n\n<div class=\"wp-block-group alignfull is-style-ext-preset--group--natural-1--section has-background-background-color has-background has-global-padding is-layout-constrained wp-container-core-group-is-layout-e955bbaf wp-block-group-is-layout-constrained\" id=\"veranstaltungen\" style=\"margin-top:0;margin-bottom:0;padding-top:var(--wp--preset--spacing--70);padding-bottom:var(--wp--preset--spacing--70)\">\n<div class=\"wp-block-group alignwide is-vertical is-content-justification-center is-layout-flex wp-container-core-group-is-layout-c9ee0c5a wp-block-group-is-layout-flex\">\n<div class=\"wp-block-group has-global-padding is-layout-constrained wp-container-core-group-is-layout-2287c683 wp-block-group-is-layout-constrained\">\n<h2 class=\"wp-block-heading has-text-align-center\">Enjoy restful nights in our comfortable rooms<\/h2>\n\n\n\n<p class=\"has-text-align-center\">Discover our wide range of offers for a pleasant stay and experience the warm atmosphere of our Pension Kranzmayr.<\/p>\n<\/div>\n<\/div>\n\n\n\n<div class=\"wp-block-group alignwide has-global-padding is-layout-constrained wp-container-core-group-is-layout-6eb5b29a wp-block-group-is-layout-constrained\">\n<div class=\"wp-block-media-text alignwide is-stacked-on-mobile is-image-fill-element is-style-ext-preset--media-text--natural-1--card-1 has-tertiary-background-color has-background is-style-ext-preset--media-text--natural-1--card-1--11\" style=\"grid-template-columns:35% auto\"><figure class=\"wp-block-media-text__media\"><img loading=\"lazy\" decoding=\"async\" width=\"1024\" height=\"654\" src=\"https:\/\/pension-kranzmayr.de\/wp-content\/uploads\/2026\/02\/slid_03-1024x654.png\" alt=\"\" class=\"wp-image-98 size-full\" style=\"object-position:50% 50%\" srcset=\"https:\/\/pension-kranzmayr.de\/wp-content\/uploads\/2026\/02\/slid_03-1024x654.png 1024w, https:\/\/pension-kranzmayr.de\/wp-content\/uploads\/2026\/02\/slid_03-300x192.png 300w, https:\/\/pension-kranzmayr.de\/wp-content\/uploads\/2026\/02\/slid_03-768x491.png 768w, https:\/\/pension-kranzmayr.de\/wp-content\/uploads\/2026\/02\/slid_03-18x12.png 18w, https:\/\/pension-kranzmayr.de\/wp-content\/uploads\/2026\/02\/slid_03.png 1216w\" sizes=\"auto, (max-width: 1024px) 100vw, 1024px\" \/><\/figure><div class=\"wp-block-media-text__content\">\n<div class=\"wp-block-group is-style-default has-global-padding is-layout-constrained wp-container-core-group-is-layout-a35945ca wp-block-group-is-layout-constrained\" style=\"padding-top:var(--wp--preset--spacing--30);padding-right:var(--wp--preset--spacing--30);padding-bottom:var(--wp--preset--spacing--30);padding-left:var(--wp--preset--spacing--30)\">\n<h3 class=\"wp-block-heading\" style=\"font-size:clamp(15.747px, 0.984rem + ((1vw - 3.2px) * 0.86), 24px);\">Welcome to our cozy breakfast menu<\/h3>\n\n\n\n<div class=\"wp-block-group is-nowrap is-layout-flex wp-container-core-group-is-layout-6fee25ed wp-block-group-is-layout-flex\" style=\"margin-top:24px;padding-top:0;padding-right:0;padding-bottom:0;padding-left:0\"><\/div>\n\n\n\n<p style=\"margin-top:var(--wp--preset--spacing--20)\">Monday to Friday, 6:30 a.m. to 10:00 a.m. \/ Saturday, Sunday, and public holidays, 7:30 a.m. to 10:00 a.m. at Hotel St. Georg.<\/p>\n<\/div>\n<\/div><\/div>\n\n\n\n<div class=\"wp-block-media-text alignwide is-stacked-on-mobile is-image-fill-element is-style-ext-preset--media-text--natural-1--card-1 has-tertiary-background-color has-background is-style-ext-preset--media-text--natural-1--card-1--12\" style=\"grid-template-columns:35% auto\"><figure class=\"wp-block-media-text__media\"><img loading=\"lazy\" decoding=\"async\" width=\"683\" height=\"1024\" src=\"https:\/\/pension-kranzmayr.de\/wp-content\/uploads\/2026\/02\/pexels-cottonbro-5378701-683x1024.jpg\" alt=\"\" class=\"wp-image-100 size-full\" style=\"object-position:50% 50%\" srcset=\"https:\/\/pension-kranzmayr.de\/wp-content\/uploads\/2026\/02\/pexels-cottonbro-5378701-683x1024.jpg 683w, https:\/\/pension-kranzmayr.de\/wp-content\/uploads\/2026\/02\/pexels-cottonbro-5378701-200x300.jpg 200w, https:\/\/pension-kranzmayr.de\/wp-content\/uploads\/2026\/02\/pexels-cottonbro-5378701-768x1152.jpg 768w, https:\/\/pension-kranzmayr.de\/wp-content\/uploads\/2026\/02\/pexels-cottonbro-5378701-1024x1536.jpg 1024w, https:\/\/pension-kranzmayr.de\/wp-content\/uploads\/2026\/02\/pexels-cottonbro-5378701-1365x2048.jpg 1365w, https:\/\/pension-kranzmayr.de\/wp-content\/uploads\/2026\/02\/pexels-cottonbro-5378701-8x12.jpg 8w, https:\/\/pension-kranzmayr.de\/wp-content\/uploads\/2026\/02\/pexels-cottonbro-5378701-scaled.jpg 1706w\" sizes=\"auto, (max-width: 683px) 100vw, 683px\" \/><\/figure><div class=\"wp-block-media-text__content\">\n<div class=\"wp-block-group is-style-default has-global-padding is-layout-constrained wp-container-core-group-is-layout-a35945ca wp-block-group-is-layout-constrained\" style=\"padding-top:var(--wp--preset--spacing--30);padding-right:var(--wp--preset--spacing--30);padding-bottom:var(--wp--preset--spacing--30);padding-left:var(--wp--preset--spacing--30)\">\n<h3 class=\"wp-block-heading\" style=\"font-size:clamp(15.747px, 0.984rem + ((1vw - 3.2px) * 0.86), 24px);\">Simply book your stay online<\/h3>\n\n\n\n<div class=\"wp-block-group is-nowrap is-layout-flex wp-container-core-group-is-layout-6fee25ed wp-block-group-is-layout-flex\" style=\"margin-top:24px;padding-top:0;padding-right:0;padding-bottom:0;padding-left:0\"><\/div>\n\n\n\n<p style=\"margin-top:var(--wp--preset--spacing--20)\">Book available rooms with free Wi-Fi and breakfast at the best price.<\/p>\n<\/div>\n<\/div><\/div>\n\n\n\n<div class=\"wp-block-media-text alignwide is-stacked-on-mobile is-image-fill-element is-style-ext-preset--media-text--natural-1--card-1 has-tertiary-background-color has-background is-style-ext-preset--media-text--natural-1--card-1--13\" style=\"grid-template-columns:35% auto\"><figure class=\"wp-block-media-text__media\"><img loading=\"lazy\" decoding=\"async\" width=\"1024\" height=\"683\" src=\"https:\/\/pension-kranzmayr.de\/wp-content\/uploads\/2026\/02\/tourismpix-mountains-427237_1920-1024x683.jpg\" alt=\"\" class=\"wp-image-188 size-full\" style=\"object-position:50% 50%\" srcset=\"https:\/\/pension-kranzmayr.de\/wp-content\/uploads\/2026\/02\/tourismpix-mountains-427237_1920-1024x683.jpg 1024w, https:\/\/pension-kranzmayr.de\/wp-content\/uploads\/2026\/02\/tourismpix-mountains-427237_1920-300x200.jpg 300w, https:\/\/pension-kranzmayr.de\/wp-content\/uploads\/2026\/02\/tourismpix-mountains-427237_1920-768x512.jpg 768w, https:\/\/pension-kranzmayr.de\/wp-content\/uploads\/2026\/02\/tourismpix-mountains-427237_1920-1536x1024.jpg 1536w, https:\/\/pension-kranzmayr.de\/wp-content\/uploads\/2026\/02\/tourismpix-mountains-427237_1920-18x12.jpg 18w, https:\/\/pension-kranzmayr.de\/wp-content\/uploads\/2026\/02\/tourismpix-mountains-427237_1920.jpg 1920w\" sizes=\"auto, (max-width: 1024px) 100vw, 1024px\" \/><\/figure><div class=\"wp-block-media-text__content\">\n<div class=\"wp-block-group is-style-default has-global-padding is-layout-constrained wp-container-core-group-is-layout-a35945ca wp-block-group-is-layout-constrained\" style=\"padding-top:var(--wp--preset--spacing--30);padding-right:var(--wp--preset--spacing--30);padding-bottom:var(--wp--preset--spacing--30);padding-left:var(--wp--preset--spacing--30)\">\n<h3 class=\"wp-block-heading\" style=\"font-size:clamp(15.747px, 0.984rem + ((1vw - 3.2px) * 0.86), 24px);\">Explore the sights in the surrounding area<\/h3>\n\n\n\n<div class=\"wp-block-group is-nowrap is-layout-flex wp-container-core-group-is-layout-6fee25ed wp-block-group-is-layout-flex\" style=\"margin-top:24px;padding-top:0;padding-right:0;padding-bottom:0;padding-left:0\"><\/div>\n\n\n\n<p style=\"margin-top:var(--wp--preset--spacing--20)\">Information about nearby destinations and activities is available at the reception desk of the Hotel St. Georg.<\/p>\n<\/div>\n<\/div><\/div>\n<\/div>\n<\/div>","protected":false},"excerpt":{"rendered":"<p>Buchen Sie Ihr Zimmer ganz bequem online Die Pension Kranzmayr befindet sich in einem historischen Geb\u00e4ude von 1857. Nach der erfolgreichen Kernsanierung er\u00f6ffneten wir im Mai 2017. Komfortable Einzelzimmer Unsere Einzelzimmer sind ideal f\u00fcr Alleinreisende, die Wert auf Gem\u00fctlichkeit legen Helle Doppelzimmer Unsere ger\u00e4umigen Doppelzimmer garantieren eine entspannte Atmosph\u00e4re und besten Komfort Gem\u00fctliche Appartements Unsere [&hellip;]<\/p>\n","protected":false},"author":1,"featured_media":0,"parent":0,"menu_order":0,"comment_status":"closed","ping_status":"closed","template":"page-with-title","meta":{"footnotes":""},"class_list":["post-33","page","type-page","status-publish","hentry"],"aioseo_notices":[],"_links":{"self":[{"href":"https:\/\/pension-kranzmayr.de\/en\/wp-json\/wp\/v2\/pages\/33","targetHints":{"allow":["GET"]}}],"collection":[{"href":"https:\/\/pension-kranzmayr.de\/en\/wp-json\/wp\/v2\/pages"}],"about":[{"href":"https:\/\/pension-kranzmayr.de\/en\/wp-json\/wp\/v2\/types\/page"}],"author":[{"embeddable":true,"href":"https:\/\/pension-kranzmayr.de\/en\/wp-json\/wp\/v2\/users\/1"}],"replies":[{"embeddable":true,"href":"https:\/\/pension-kranzmayr.de\/en\/wp-json\/wp\/v2\/comments?post=33"}],"version-history":[{"count":15,"href":"https:\/\/pension-kranzmayr.de\/en\/wp-json\/wp\/v2\/pages\/33\/revisions"}],"predecessor-version":[{"id":221,"href":"https:\/\/pension-kranzmayr.de\/en\/wp-json\/wp\/v2\/pages\/33\/revisions\/221"}],"wp:attachment":[{"href":"https:\/\/pension-kranzmayr.de\/en\/wp-json\/wp\/v2\/media?parent=33"}],"curies":[{"name":"wp","href":"https:\/\/api.w.org\/{rel}","templated":true}]}}