{"id":39,"date":"2026-02-24T15:34:25","date_gmt":"2026-02-24T15:34:25","guid":{"rendered":"https:\/\/pension-kranzmayr.de\/start\/"},"modified":"2026-03-21T08:49:56","modified_gmt":"2026-03-21T08:49:56","slug":"start","status":"publish","type":"page","link":"https:\/\/pension-kranzmayr.de\/en\/","title":{"rendered":"Start"},"content":{"rendered":"<div class=\"wp-block-group alignfull is-style-ext-preset--group--natural-1--section has-background-background-color has-background has-global-padding is-layout-constrained wp-container-core-group-is-layout-36519b8a wp-block-group-is-layout-constrained\" style=\"margin-top:0;margin-bottom:0;padding-top:var(--wp--preset--spacing--50);padding-bottom:var(--wp--preset--spacing--70)\">\n<div class=\"wp-block-group alignwide is-vertical is-content-justification-center is-layout-flex wp-container-core-group-is-layout-c9ee0c5a wp-block-group-is-layout-flex\">\n<div class=\"wp-block-group has-global-padding is-layout-constrained wp-container-core-group-is-layout-2287c683 wp-block-group-is-layout-constrained\">\n<h1 class=\"wp-block-heading alignwide has-text-align-center\">Book your room conveniently online<\/h1>\n\n\n\n<p class=\"has-text-align-center\">Pension Kranzmayr offers cozy accommodations with personal service in a quiet location\u2014your home away from home.<\/p>\n<\/div>\n\n\n\n<div class=\"wp-block-buttons is-content-justification-center is-layout-flex wp-container-core-buttons-is-layout-a89b3969 wp-block-buttons-is-layout-flex\">\n<div class=\"wp-block-button is-style-ext-preset--button--natural-1--button-1 is-style-ext-preset--button--natural-1--button-1--2\"><a class=\"wp-block-button__link wp-element-button\" href=\"https:\/\/ibe2.softtec.software\/kranzmayrstwolfgang\">Book a room<\/a><\/div>\n<\/div>\n<\/div>\n\n\n\n<div class=\"wp-block-columns alignwide are-vertically-aligned-bottom is-layout-flex wp-container-core-columns-is-layout-13e2ef3f wp-block-columns-is-layout-flex\">\n<div class=\"wp-block-column is-vertically-aligned-bottom is-layout-flow wp-block-column-is-layout-flow\">\n<div class=\"wp-block-group is-style-ext-preset--group--natural-1--item-card-1--align-start has-global-padding is-layout-constrained wp-block-group-is-layout-constrained is-style-ext-preset--group--natural-1--item-card-1--align-start--3\">\n<div class=\"wp-block-group has-global-padding is-layout-constrained wp-container-core-group-is-layout-639b5052 wp-block-group-is-layout-constrained\" style=\"padding-top:0;padding-right:0;padding-bottom:0;padding-left:0\">\n<div class=\"wp-block-cover is-light has-custom-content-position is-position-bottom-left is-style-ext-preset--cover--natural-1--cover-overlay-1 has-aspect-ratio is-style-ext-preset--cover--natural-1--cover-overlay-1--4\" style=\"padding-top:24px;padding-right:24px;padding-bottom:24px;padding-left:24px;aspect-ratio:2\/3;min-height:unset;\"><img loading=\"lazy\" decoding=\"async\" width=\"1024\" height=\"717\" class=\"wp-block-cover__image-background wp-image-102 size-large\" alt=\"\" src=\"https:\/\/pension-kranzmayr.de\/wp-content\/uploads\/2026\/02\/pexels-pixabay-271639-1024x717.jpg\" data-object-fit=\"cover\" srcset=\"https:\/\/pension-kranzmayr.de\/wp-content\/uploads\/2026\/02\/pexels-pixabay-271639-1024x717.jpg 1024w, https:\/\/pension-kranzmayr.de\/wp-content\/uploads\/2026\/02\/pexels-pixabay-271639-300x210.jpg 300w, https:\/\/pension-kranzmayr.de\/wp-content\/uploads\/2026\/02\/pexels-pixabay-271639-768x537.jpg 768w, https:\/\/pension-kranzmayr.de\/wp-content\/uploads\/2026\/02\/pexels-pixabay-271639-1536x1075.jpg 1536w, https:\/\/pension-kranzmayr.de\/wp-content\/uploads\/2026\/02\/pexels-pixabay-271639-2048x1433.jpg 2048w, https:\/\/pension-kranzmayr.de\/wp-content\/uploads\/2026\/02\/pexels-pixabay-271639-18x12.jpg 18w\" sizes=\"auto, (max-width: 1024px) 100vw, 1024px\" \/><span aria-hidden=\"true\" class=\"wp-block-cover__background has-background-dim-60 has-background-dim\" style=\"background-color:#baa081\"><\/span><div class=\"wp-block-cover__inner-container has-global-padding is-layout-constrained wp-container-core-cover-is-layout-64063943 wp-block-cover-is-layout-constrained\">\n<div class=\"wp-block-group has-global-padding is-content-justification-left is-layout-constrained wp-container-core-group-is-layout-417067bb wp-block-group-is-layout-constrained\" style=\"padding-top:0;padding-right:0;padding-bottom:0;padding-left:0\">\n<hr class=\"wp-block-separator has-text-color has-alpha-channel-opacity has-background\" style=\"background-color:#fefefe;color:#fefefe\"\/>\n<\/div>\n\n\n\n<p>We focus on hospitality, comfort, and warm service so that every guest feels completely at home.<\/p>\n<\/div><\/div>\n<\/div>\n<\/div>\n<\/div>\n\n\n\n<div class=\"wp-block-column is-vertically-aligned-bottom is-layout-flow wp-block-column-is-layout-flow\">\n<div class=\"wp-block-group is-style-ext-preset--group--natural-1--item-card-1--align-start has-tertiary-background-color has-background has-global-padding is-layout-constrained wp-container-core-group-is-layout-eb7ca697 wp-block-group-is-layout-constrained is-style-ext-preset--group--natural-1--item-card-1--align-start--5\" style=\"padding-top:1px;padding-right:1px;padding-bottom:1px;padding-left:1px\">\n<div class=\"wp-block-group is-style-default has-global-padding is-layout-constrained wp-container-core-group-is-layout-a35945ca wp-block-group-is-layout-constrained\" style=\"min-height:280px;padding-top:var(--wp--preset--spacing--30);padding-right:var(--wp--preset--spacing--30);padding-bottom:var(--wp--preset--spacing--30);padding-left:var(--wp--preset--spacing--30)\">\n<h3 class=\"wp-block-heading has-primary-color has-text-color has-link-color has-large-font-size wp-elements-5240ea6cefc44557bc164822ec3ffc1d\">8<\/h3>\n\n\n\n<p class=\"has-small-font-size\">8 komfortable Zimmer warten darauf, Ihren Aufenthalt unvergesslich zu machen.<\/p>\n<\/div>\n<\/div>\n<\/div>\n\n\n\n<div class=\"wp-block-column is-vertically-aligned-bottom is-layout-flow wp-block-column-is-layout-flow\">\n<figure class=\"wp-block-image size-large is-style-ext-preset--image--natural-1--image-1--content-bottom is-style-ext-preset--image--natural-1--image-1--content-bottom--6\"><img loading=\"lazy\" decoding=\"async\" width=\"1024\" height=\"654\" src=\"https:\/\/pension-kranzmayr.de\/wp-content\/uploads\/2026\/02\/slid_04-1024x654.png\" alt=\"\" class=\"wp-image-99\" style=\"aspect-ratio:4\/3;object-fit:cover\" srcset=\"https:\/\/pension-kranzmayr.de\/wp-content\/uploads\/2026\/02\/slid_04-1024x654.png 1024w, https:\/\/pension-kranzmayr.de\/wp-content\/uploads\/2026\/02\/slid_04-300x192.png 300w, https:\/\/pension-kranzmayr.de\/wp-content\/uploads\/2026\/02\/slid_04-768x491.png 768w, https:\/\/pension-kranzmayr.de\/wp-content\/uploads\/2026\/02\/slid_04-18x12.png 18w, https:\/\/pension-kranzmayr.de\/wp-content\/uploads\/2026\/02\/slid_04.png 1216w\" sizes=\"auto, (max-width: 1024px) 100vw, 1024px\" \/><\/figure>\n<\/div>\n\n\n\n<div class=\"wp-block-column is-vertically-aligned-bottom is-layout-flow wp-block-column-is-layout-flow\">\n<div class=\"wp-block-group is-style-ext-preset--group--natural-1--item-card-1--align-start has-tertiary-background-color has-background has-global-padding is-layout-constrained wp-container-core-group-is-layout-eb7ca697 wp-block-group-is-layout-constrained is-style-ext-preset--group--natural-1--item-card-1--align-start--7\" style=\"padding-top:1px;padding-right:1px;padding-bottom:1px;padding-left:1px\">\n<div class=\"wp-block-group is-style-default has-global-padding is-layout-constrained wp-container-core-group-is-layout-a35945ca wp-block-group-is-layout-constrained\" style=\"min-height:280px;padding-top:var(--wp--preset--spacing--30);padding-right:var(--wp--preset--spacing--30);padding-bottom:var(--wp--preset--spacing--30);padding-left:var(--wp--preset--spacing--30)\">\n<h3 class=\"wp-block-heading has-primary-color has-text-color has-link-color has-large-font-size wp-elements-343bb689394063495576a9aeda065cdc\">400<\/h3>\n\n\n\n<p class=\"has-small-font-size\">\u00dcber 400 zufriedene G\u00e4ste genie\u00dfen j\u00e4hrlich unsere Gastfreundschaft.<\/p>\n<\/div>\n<\/div>\n<\/div>\n\n\n\n<div class=\"wp-block-column is-vertically-aligned-bottom is-layout-flow wp-block-column-is-layout-flow\">\n<figure class=\"wp-block-image size-large is-style-ext-preset--image--natural-1--image-1--content-bottom is-style-ext-preset--image--natural-1--image-1--content-bottom--8\"><img loading=\"lazy\" decoding=\"async\" width=\"1024\" height=\"654\" src=\"https:\/\/pension-kranzmayr.de\/wp-content\/uploads\/2026\/02\/slid_02-1024x654.png\" alt=\"\" class=\"wp-image-97\" style=\"aspect-ratio:2\/3;object-fit:cover\" srcset=\"https:\/\/pension-kranzmayr.de\/wp-content\/uploads\/2026\/02\/slid_02-1024x654.png 1024w, https:\/\/pension-kranzmayr.de\/wp-content\/uploads\/2026\/02\/slid_02-300x192.png 300w, https:\/\/pension-kranzmayr.de\/wp-content\/uploads\/2026\/02\/slid_02-768x491.png 768w, https:\/\/pension-kranzmayr.de\/wp-content\/uploads\/2026\/02\/slid_02-18x12.png 18w, https:\/\/pension-kranzmayr.de\/wp-content\/uploads\/2026\/02\/slid_02.png 1216w\" sizes=\"auto, (max-width: 1024px) 100vw, 1024px\" \/><\/figure>\n<\/div>\n<\/div>\n<\/div>\n\n\n\n<div class=\"wp-block-group alignfull is-style-ext-preset--group--natural-1--section has-tertiary-background-color has-background has-global-padding is-layout-constrained wp-block-group-is-layout-constrained\" id=\"ueber-uns\" style=\"margin-top:0;margin-bottom:0;padding-top:var(--wp--preset--spacing--70);padding-bottom:var(--wp--preset--spacing--70)\">\n<div class=\"wp-block-columns alignwide are-vertically-aligned-center is-layout-flex wp-container-core-columns-is-layout-174606dc wp-block-columns-is-layout-flex\">\n<div class=\"wp-block-column is-vertically-aligned-center is-layout-flow wp-block-column-is-layout-flow\">\n<figure class=\"wp-block-image size-large is-style-ext-preset--image--natural-1--image-1--content-right is-style-ext-preset--image--natural-1--image-1--content-right--10\"><img loading=\"lazy\" decoding=\"async\" width=\"1024\" height=\"654\" src=\"https:\/\/pension-kranzmayr.de\/wp-content\/uploads\/2026\/02\/slid_01-1024x654.png\" alt=\"\" class=\"wp-image-96\" style=\"aspect-ratio:1;object-fit:cover\" srcset=\"https:\/\/pension-kranzmayr.de\/wp-content\/uploads\/2026\/02\/slid_01-1024x654.png 1024w, https:\/\/pension-kranzmayr.de\/wp-content\/uploads\/2026\/02\/slid_01-300x192.png 300w, https:\/\/pension-kranzmayr.de\/wp-content\/uploads\/2026\/02\/slid_01-768x491.png 768w, https:\/\/pension-kranzmayr.de\/wp-content\/uploads\/2026\/02\/slid_01-18x12.png 18w, https:\/\/pension-kranzmayr.de\/wp-content\/uploads\/2026\/02\/slid_01.png 1216w\" sizes=\"auto, (max-width: 1024px) 100vw, 1024px\" \/><\/figure>\n<\/div>\n\n\n\n<div class=\"wp-block-column is-vertically-aligned-center is-layout-flow wp-block-column-is-layout-flow\">\n<div class=\"wp-block-group alignwide is-vertical is-layout-flex wp-container-core-group-is-layout-c35747d5 wp-block-group-is-layout-flex\">\n<div class=\"wp-block-group has-global-padding is-layout-constrained wp-container-core-group-is-layout-dd32767c wp-block-group-is-layout-constrained\">\n<h2 class=\"wp-block-heading\">Experience comfort and warm hospitality<\/h2>\n\n\n\n<p>Our Pension Kranzmayr offers cozy accommodations and first-class service to make you feel at home. We value personal service and a pleasant atmosphere to make your stay unforgettable.<\/p>\n<\/div>\n<\/div>\n<\/div>\n<\/div>\n<\/div>\n\n\n\n<div class=\"wp-block-group alignfull is-style-ext-preset--group--natural-1--section has-background-background-color has-background has-global-padding is-layout-constrained wp-container-core-group-is-layout-e955bbaf wp-block-group-is-layout-constrained\" style=\"margin-top:0;margin-bottom:0;padding-top:var(--wp--preset--spacing--70);padding-bottom:var(--wp--preset--spacing--70)\">\n<div class=\"wp-block-group alignwide is-vertical is-content-justification-center is-layout-flex wp-container-core-group-is-layout-c9ee0c5a wp-block-group-is-layout-flex\">\n<div class=\"wp-block-group has-global-padding is-layout-constrained wp-container-core-group-is-layout-5e05634a wp-block-group-is-layout-constrained\">\n<h2 class=\"wp-block-heading has-text-align-center\">Enjoy warm hospitality and unforgettable stays.<\/h2>\n\n\n\n<p class=\"has-text-align-center\">Our guesthouse offers cozy rooms, first-class service, and easy booking for a perfect stay.<\/p>\n<\/div>\n<\/div>\n\n\n\n<div class=\"wp-block-columns alignwide is-layout-flex wp-container-core-columns-is-layout-08c01c1c wp-block-columns-is-layout-flex\">\n<div class=\"wp-block-column is-vertically-aligned-stretch is-layout-flow wp-container-core-column-is-layout-f5bb311e wp-block-column-is-layout-flow\">\n<div class=\"wp-block-group is-style-ext-preset--group--natural-1--item-card-1--align-center has-global-padding is-layout-constrained wp-block-group-is-layout-constrained is-style-ext-preset--group--natural-1--item-card-1--align-center--12\">\n<figure class=\"wp-block-image aligncenter size-large ext-aspect-landscape\"><img loading=\"lazy\" decoding=\"async\" width=\"1024\" height=\"608\" src=\"https:\/\/pension-kranzmayr.de\/wp-content\/uploads\/2026\/02\/dz_01-1024x608.jpg\" alt=\"\" class=\"wp-image-88\" style=\"aspect-ratio:4\/3;object-fit:cover\" srcset=\"https:\/\/pension-kranzmayr.de\/wp-content\/uploads\/2026\/02\/dz_01-1024x608.jpg 1024w, https:\/\/pension-kranzmayr.de\/wp-content\/uploads\/2026\/02\/dz_01-300x178.jpg 300w, https:\/\/pension-kranzmayr.de\/wp-content\/uploads\/2026\/02\/dz_01-768x456.jpg 768w, https:\/\/pension-kranzmayr.de\/wp-content\/uploads\/2026\/02\/dz_01-18x12.jpg 18w, https:\/\/pension-kranzmayr.de\/wp-content\/uploads\/2026\/02\/dz_01.jpg 1264w\" sizes=\"auto, (max-width: 1024px) 100vw, 1024px\" \/><\/figure>\n\n\n\n<div class=\"wp-block-group is-style-default has-global-padding is-layout-constrained wp-block-group-is-layout-constrained\">\n<h3 class=\"wp-block-heading has-text-align-center\">Comfortable and lovingly furnished rooms.<\/h3>\n\n\n\n<p class=\"has-text-align-center\">Each room is equipped with modern amenities to ensure you have a relaxing and pleasant stay.<\/p>\n<\/div>\n<\/div>\n<\/div>\n\n\n\n<div class=\"wp-block-column is-vertically-aligned-stretch is-layout-flow wp-container-core-column-is-layout-f5bb311e wp-block-column-is-layout-flow\">\n<div class=\"wp-block-group is-style-ext-preset--group--natural-1--item-card-1--align-center has-global-padding is-layout-constrained wp-block-group-is-layout-constrained is-style-ext-preset--group--natural-1--item-card-1--align-center--13\">\n<figure class=\"wp-block-image aligncenter size-large ext-aspect-landscape\"><img loading=\"lazy\" decoding=\"async\" width=\"683\" height=\"1024\" src=\"https:\/\/pension-kranzmayr.de\/wp-content\/uploads\/2026\/02\/pexels-cottonbro-5378701-683x1024.jpg\" alt=\"\" class=\"wp-image-100\" style=\"aspect-ratio:4\/3;object-fit:cover\" srcset=\"https:\/\/pension-kranzmayr.de\/wp-content\/uploads\/2026\/02\/pexels-cottonbro-5378701-683x1024.jpg 683w, https:\/\/pension-kranzmayr.de\/wp-content\/uploads\/2026\/02\/pexels-cottonbro-5378701-200x300.jpg 200w, https:\/\/pension-kranzmayr.de\/wp-content\/uploads\/2026\/02\/pexels-cottonbro-5378701-768x1152.jpg 768w, https:\/\/pension-kranzmayr.de\/wp-content\/uploads\/2026\/02\/pexels-cottonbro-5378701-1024x1536.jpg 1024w, https:\/\/pension-kranzmayr.de\/wp-content\/uploads\/2026\/02\/pexels-cottonbro-5378701-1365x2048.jpg 1365w, https:\/\/pension-kranzmayr.de\/wp-content\/uploads\/2026\/02\/pexels-cottonbro-5378701-8x12.jpg 8w, https:\/\/pension-kranzmayr.de\/wp-content\/uploads\/2026\/02\/pexels-cottonbro-5378701-scaled.jpg 1706w\" sizes=\"auto, (max-width: 683px) 100vw, 683px\" \/><\/figure>\n\n\n\n<div class=\"wp-block-group is-style-default has-global-padding is-layout-constrained wp-block-group-is-layout-constrained\">\n<h3 class=\"wp-block-heading has-text-align-center\">Easy availability and booking in German and English.<\/h3>\n\n\n\n<p class=\"has-text-align-center\">Easily check availability and conveniently book your stay online.<\/p>\n<\/div>\n<\/div>\n<\/div>\n\n\n\n<div class=\"wp-block-column is-vertically-aligned-stretch is-layout-flow wp-container-core-column-is-layout-f5bb311e wp-block-column-is-layout-flow\">\n<div class=\"wp-block-group is-style-ext-preset--group--natural-1--item-card-1--align-center has-global-padding is-layout-constrained wp-block-group-is-layout-constrained is-style-ext-preset--group--natural-1--item-card-1--align-center--14\">\n<figure class=\"wp-block-image aligncenter size-large ext-aspect-landscape\"><img loading=\"lazy\" decoding=\"async\" width=\"1024\" height=\"683\" src=\"https:\/\/pension-kranzmayr.de\/wp-content\/uploads\/2026\/02\/tourismpix-mountains-427237_1920-1024x683.jpg\" alt=\"\" class=\"wp-image-188\" style=\"aspect-ratio:4\/3;object-fit:cover\" srcset=\"https:\/\/pension-kranzmayr.de\/wp-content\/uploads\/2026\/02\/tourismpix-mountains-427237_1920-1024x683.jpg 1024w, https:\/\/pension-kranzmayr.de\/wp-content\/uploads\/2026\/02\/tourismpix-mountains-427237_1920-300x200.jpg 300w, https:\/\/pension-kranzmayr.de\/wp-content\/uploads\/2026\/02\/tourismpix-mountains-427237_1920-768x512.jpg 768w, https:\/\/pension-kranzmayr.de\/wp-content\/uploads\/2026\/02\/tourismpix-mountains-427237_1920-1536x1024.jpg 1536w, https:\/\/pension-kranzmayr.de\/wp-content\/uploads\/2026\/02\/tourismpix-mountains-427237_1920-18x12.jpg 18w, https:\/\/pension-kranzmayr.de\/wp-content\/uploads\/2026\/02\/tourismpix-mountains-427237_1920.jpg 1920w\" sizes=\"auto, (max-width: 1024px) 100vw, 1024px\" \/><\/figure>\n\n\n\n<div class=\"wp-block-group is-style-default has-global-padding is-layout-constrained wp-block-group-is-layout-constrained\">\n<h3 class=\"wp-block-heading\">Central location with good transport links.<\/h3>\n\n\n\n<p class=\"has-text-align-center\">Our guesthouse is located in a quiet area, yet is well connected to public transportation and tourist attractions.<\/p>\n<\/div>\n<\/div>\n<\/div>\n<\/div>\n\n\n\n<div class=\"wp-block-buttons is-content-justification-center is-layout-flex wp-container-core-buttons-is-layout-a89b3969 wp-block-buttons-is-layout-flex\">\n<div class=\"wp-block-button is-style-ext-preset--button--natural-1--button-1 is-style-ext-preset--button--natural-1--button-1--15\"><a class=\"wp-block-button__link wp-element-button\" href=\"https:\/\/ibe2.softtec.software\/kranzmayrstwolfgang\">Book now<\/a><\/div>\n<\/div>\n<\/div>\n\n\n\n<div class=\"wp-block-group alignfull is-style-ext-preset--group--natural-1--section has-tertiary-background-color has-background has-global-padding is-layout-constrained wp-block-group-is-layout-constrained\" id=\"kontakt\" style=\"margin-top:0;margin-bottom:0;padding-top:var(--wp--preset--spacing--70);padding-bottom:var(--wp--preset--spacing--70)\">\n<div class=\"wp-block-media-text alignwide is-stacked-on-mobile is-image-fill-element is-style-ext-preset--media-text--natural-1--card-1 has-background-background-color has-background is-style-ext-preset--media-text--natural-1--card-1--17\" style=\"grid-template-columns:48% auto\"><figure class=\"wp-block-media-text__media\"><img loading=\"lazy\" decoding=\"async\" width=\"1024\" height=\"717\" src=\"https:\/\/pension-kranzmayr.de\/wp-content\/uploads\/2026\/02\/pexels-pixabay-271639-1024x717.jpg\" alt=\"\" class=\"wp-image-102 size-full\" style=\"object-position:50% 50%\" srcset=\"https:\/\/pension-kranzmayr.de\/wp-content\/uploads\/2026\/02\/pexels-pixabay-271639-1024x717.jpg 1024w, https:\/\/pension-kranzmayr.de\/wp-content\/uploads\/2026\/02\/pexels-pixabay-271639-300x210.jpg 300w, https:\/\/pension-kranzmayr.de\/wp-content\/uploads\/2026\/02\/pexels-pixabay-271639-768x537.jpg 768w, https:\/\/pension-kranzmayr.de\/wp-content\/uploads\/2026\/02\/pexels-pixabay-271639-1536x1075.jpg 1536w, https:\/\/pension-kranzmayr.de\/wp-content\/uploads\/2026\/02\/pexels-pixabay-271639-2048x1433.jpg 2048w, https:\/\/pension-kranzmayr.de\/wp-content\/uploads\/2026\/02\/pexels-pixabay-271639-18x12.jpg 18w\" sizes=\"auto, (max-width: 1024px) 100vw, 1024px\" \/><\/figure><div class=\"wp-block-media-text__content\">\n<div class=\"wp-block-group alignwide has-global-padding is-layout-constrained wp-container-core-group-is-layout-48493932 wp-block-group-is-layout-constrained\" style=\"padding-top:var(--wp--preset--spacing--55);padding-right:var(--wp--preset--spacing--55);padding-bottom:var(--wp--preset--spacing--55);padding-left:var(--wp--preset--spacing--55)\">\n<div class=\"wp-block-contact-form-7-contact-form-selector\">\n<div class=\"wpcf7 no-js\" id=\"wpcf7-f28-o1\" lang=\"de-DE\" dir=\"ltr\" data-wpcf7-id=\"28\">\n<div class=\"screen-reader-response\"><p role=\"status\" aria-live=\"polite\" aria-atomic=\"true\"><\/p> <ul><\/ul><\/div>\n<form action=\"\/en\/wp-json\/wp\/v2\/pages\/39#wpcf7-f28-o1\" method=\"post\" class=\"wpcf7-form init\" aria-label=\"Kontaktformular\" novalidate=\"novalidate\" data-status=\"init\" data-trp-original-action=\"\/en\/wp-json\/wp\/v2\/pages\/39#wpcf7-f28-o1\">\n<fieldset class=\"hidden-fields-container\"><input type=\"hidden\" name=\"_wpcf7\" value=\"28\" \/><input type=\"hidden\" name=\"_wpcf7_version\" value=\"6.1.5\" \/><input type=\"hidden\" name=\"_wpcf7_locale\" value=\"de_DE\" \/><input type=\"hidden\" name=\"_wpcf7_unit_tag\" value=\"wpcf7-f28-o1\" \/><input type=\"hidden\" name=\"_wpcf7_container_post\" value=\"0\" \/><input type=\"hidden\" name=\"_wpcf7_posted_data_hash\" value=\"\" \/>\n<\/fieldset>\n<p><label> Name<br \/>\n<span class=\"wpcf7-form-control-wrap\" data-name=\"your-name\"><input size=\"40\" maxlength=\"400\" class=\"wpcf7-form-control wpcf7-text wpcf7-validates-as-required\" autocomplete=\"name\" aria-required=\"true\" aria-invalid=\"false\" value=\"\" type=\"text\" name=\"your-name\" \/><\/span> <\/label>\n<\/p>\n<p><label> E-Mail<br \/>\n<span class=\"wpcf7-form-control-wrap\" data-name=\"your-email\"><input size=\"40\" maxlength=\"400\" class=\"wpcf7-form-control wpcf7-email wpcf7-validates-as-required wpcf7-text wpcf7-validates-as-email\" autocomplete=\"email\" aria-required=\"true\" aria-invalid=\"false\" value=\"\" type=\"email\" name=\"your-email\" \/><\/span> <\/label>\n<\/p>\n<p><label> Subject<br \/>\n<span class=\"wpcf7-form-control-wrap\" data-name=\"your-subject\"><input size=\"40\" maxlength=\"400\" class=\"wpcf7-form-control wpcf7-text wpcf7-validates-as-required\" aria-required=\"true\" aria-invalid=\"false\" value=\"\" type=\"text\" name=\"your-subject\" \/><\/span> <\/label>\n<\/p>\n<p><label> Your message (optional)<br \/>\n<span class=\"wpcf7-form-control-wrap\" data-name=\"your-message\"><textarea cols=\"40\" rows=\"10\" maxlength=\"2000\" class=\"wpcf7-form-control wpcf7-textarea\" aria-invalid=\"false\" name=\"your-message\"><\/textarea><\/span> <\/label>\n<\/p>\n<p><label> Security prompt:<br \/>\n<span class=\"wpcf7-form-control-wrap\" data-name=\"quiz-43\"><label><span class=\"wpcf7-quiz-label\">What is 4 + 2?<\/span> <input size=\"40\" class=\"wpcf7-form-control wpcf7-quiz\" autocomplete=\"off\" aria-required=\"true\" aria-invalid=\"false\" type=\"text\" name=\"quiz-43\" \/><\/label><input type=\"hidden\" name=\"_wpcf7_quiz_answer_quiz-43\" value=\"84f08b93bafb76de18971d6e941e5321\" \/><\/span> <\/label>\n<\/p>\n<p><input class=\"wpcf7-form-control wpcf7-submit has-spinner\" type=\"submit\" value=\"Send\" \/>\n<\/p><div class=\"wpcf7-response-output\" aria-hidden=\"true\"><\/div>\n<input type=\"hidden\" name=\"trp-form-language\" value=\"en\"\/><\/form>\n<\/div>\n<\/div>\n<\/div>\n<\/div><\/div>\n<\/div>","protected":false},"excerpt":{"rendered":"<p>Buchen Sie Ihr Zimmer bequem online Pension Kranzmayr bietet gem\u00fctliche \u00dcbernachtungen mit pers\u00f6nlichem Service in ruhiger Lage \u2013 Ihr Zuhause fernab von zuhause. 8 8 komfortable Zimmer warten darauf, Ihren Aufenthalt unvergesslich zu machen. 400 \u00dcber 400 zufriedene G\u00e4ste genie\u00dfen j\u00e4hrlich unsere Gastfreundschaft. Erleben Sie Komfort und herzliche Gastfreundschaft Unsere Pension Kranzmayr bietet gem\u00fctliche Unterk\u00fcnfte [&hellip;]<\/p>\n","protected":false},"author":1,"featured_media":0,"parent":0,"menu_order":0,"comment_status":"closed","ping_status":"closed","template":"no-title","meta":{"footnotes":""},"class_list":["post-39","page","type-page","status-publish","hentry"],"aioseo_notices":[],"_links":{"self":[{"href":"https:\/\/pension-kranzmayr.de\/en\/wp-json\/wp\/v2\/pages\/39","targetHints":{"allow":["GET"]}}],"collection":[{"href":"https:\/\/pension-kranzmayr.de\/en\/wp-json\/wp\/v2\/pages"}],"about":[{"href":"https:\/\/pension-kranzmayr.de\/en\/wp-json\/wp\/v2\/types\/page"}],"author":[{"embeddable":true,"href":"https:\/\/pension-kranzmayr.de\/en\/wp-json\/wp\/v2\/users\/1"}],"replies":[{"embeddable":true,"href":"https:\/\/pension-kranzmayr.de\/en\/wp-json\/wp\/v2\/comments?post=39"}],"version-history":[{"count":12,"href":"https:\/\/pension-kranzmayr.de\/en\/wp-json\/wp\/v2\/pages\/39\/revisions"}],"predecessor-version":[{"id":256,"href":"https:\/\/pension-kranzmayr.de\/en\/wp-json\/wp\/v2\/pages\/39\/revisions\/256"}],"wp:attachment":[{"href":"https:\/\/pension-kranzmayr.de\/en\/wp-json\/wp\/v2\/media?parent=39"}],"curies":[{"name":"wp","href":"https:\/\/api.w.org\/{rel}","templated":true}]}}