{"id":42,"date":"2026-02-24T15:34:33","date_gmt":"2026-02-24T15:34:33","guid":{"rendered":"https:\/\/pension-kranzmayr.de\/impressum\/"},"modified":"2026-02-26T13:53:50","modified_gmt":"2026-02-26T13:53:50","slug":"impressum","status":"publish","type":"page","link":"https:\/\/pension-kranzmayr.de\/en\/impressum\/","title":{"rendered":"Imprint"},"content":{"rendered":"<div class=\"wp-block-group alignfull is-style-ext-preset--group--natural-1--section has-background-background-color has-background has-global-padding is-layout-constrained wp-container-core-group-is-layout-6150fac0 wp-block-group-is-layout-constrained\" style=\"margin-top:0;margin-bottom:0;padding-top:var(--wp--preset--spacing--70);padding-bottom:var(--wp--preset--spacing--70)\">\n<p><strong>Website-Betreiber:<\/strong><br>Pension Kranzmayr<br><strong>Sengotta Hotel GmbH<\/strong><br>Simon Sengotta<br>Hofmarkstra\u00dfe 5<br>84427 St. Wolfgang<br><br><strong>Kontaktinformationen:<\/strong><br>Tel.:\u00a0<a href=\"tel:+49049080851890055\">0049 (0) 80 85 \/ 189 00 55<\/a><br>Fax:\u00a0<a href=\"tel:+49049080851300\">0049 (0) 80 85 \/ 13 00<\/a><\/p>\n\n\n\n<p>E-Mail:\u00a0<a href=\"mailto:info@pension-kranzmayr.de\">info@pension-kranzmayr.de<\/a><br>Internet:\u00a0<a href=\"https:\/\/pension-kranzmayr.de\/en\/\">www.pension-kranzmayr.de<\/a><br><br><strong>Vertretungsberechtigte Person:<\/strong><br>Simon Sengotta<br>Gesch\u00e4ftsf\u00fchrer<br><br><strong>Handelsregistereintrag<\/strong><br>Amtsgericht M\u00fcnchen<br>HRB 113022<br><br><strong>Letzte Aktualisierung:<\/strong><br>26.02.2026<\/p>\n<\/div>","protected":false},"excerpt":{"rendered":"<p>Website-Betreiber:Pension KranzmayrSengotta Hotel GmbHSimon SengottaHofmarkstra\u00dfe 584427 St. Wolfgang Kontaktinformationen:Tel.:\u00a00049 (0) 80 85 \/ 189 00 55Fax:\u00a00049 (0) 80 85 \/ 13 00 E-Mail:\u00a0info@pension-kranzmayr.deInternet:\u00a0www.pension-kranzmayr.de Vertretungsberechtigte Person:Simon SengottaGesch\u00e4ftsf\u00fchrer HandelsregistereintragAmtsgericht M\u00fcnchenHRB 113022 Letzte Aktualisierung:26.02.2026<\/p>","protected":false},"author":1,"featured_media":0,"parent":0,"menu_order":0,"comment_status":"closed","ping_status":"closed","template":"page-with-title","meta":{"footnotes":""},"class_list":["post-42","page","type-page","status-publish","hentry"],"aioseo_notices":[],"_links":{"self":[{"href":"https:\/\/pension-kranzmayr.de\/en\/wp-json\/wp\/v2\/pages\/42","targetHints":{"allow":["GET"]}}],"collection":[{"href":"https:\/\/pension-kranzmayr.de\/en\/wp-json\/wp\/v2\/pages"}],"about":[{"href":"https:\/\/pension-kranzmayr.de\/en\/wp-json\/wp\/v2\/types\/page"}],"author":[{"embeddable":true,"href":"https:\/\/pension-kranzmayr.de\/en\/wp-json\/wp\/v2\/users\/1"}],"replies":[{"embeddable":true,"href":"https:\/\/pension-kranzmayr.de\/en\/wp-json\/wp\/v2\/comments?post=42"}],"version-history":[{"count":3,"href":"https:\/\/pension-kranzmayr.de\/en\/wp-json\/wp\/v2\/pages\/42\/revisions"}],"predecessor-version":[{"id":155,"href":"https:\/\/pension-kranzmayr.de\/en\/wp-json\/wp\/v2\/pages\/42\/revisions\/155"}],"wp:attachment":[{"href":"https:\/\/pension-kranzmayr.de\/en\/wp-json\/wp\/v2\/media?parent=42"}],"curies":[{"name":"wp","href":"https:\/\/api.w.org\/{rel}","templated":true}]}}